{"id":2158,"date":"2019-12-06T08:29:56","date_gmt":"2019-12-06T08:29:56","guid":{"rendered":"http:\/\/moldovaconsult.md\/?page_id=2158"},"modified":"2020-02-11T11:57:25","modified_gmt":"2020-02-11T11:57:25","slug":"servizi-amministrativi","status":"publish","type":"page","link":"https:\/\/moldovaconsult.md\/it\/servizi-amministrativi\/","title":{"rendered":"Servizi Amministrativi"},"content":{"rendered":"<p>[vc_row type=&#8221;vc_default&#8221;][vc_column css=&#8221;.vc_custom_1574261960640{padding-bottom: 20px !important;}&#8221;][vc_single_image image=&#8221;1950&#8243; img_size=&#8221;full&#8221;][vc_empty_space height=&#8221;40px&#8221;]<div id=\"ultimate-heading-894269e75ddbc78fb\" class=\"uvc-heading ult-adjust-bottom-margin ultimate-heading-894269e75ddbc78fb uvc-1796 \" data-hspacer=\"no_spacer\"  data-halign=\"left\" style=\"text-align:left\"><div class=\"uvc-heading-spacer no_spacer\" style=\"top\"><\/div><div class=\"uvc-main-heading ult-responsive\"  data-ultimate-target='.uvc-heading.ultimate-heading-894269e75ddbc78fb h2'  data-responsive-json-new='{\"font-size\":\"desktop:26px;\",\"line-height\":\"desktop:32px;\"}' ><h2 style=\"font-weight:bold;margin-bottom:20px;\">SERVIZI AMMINISTRATIVI<\/h2><\/div><\/div>[vc_column_text]Tutti i tipi di attivit\u00e0 richiedono pianificazione e organizzazione. Una gestione efficace dei processi e delle attivit\u00e0 richiedono tempo, competenza e responsabilit\u00e0. La SERVIZI &amp; SISTEMI \u00e8 capace di assumere la parte organizzativa dei progetti messi nella Vostra agenda.<\/p>\n<p>Operando nel campo dei servizi contabili, legali e amministrative sin dal 2003, vantiamo una ricchissima esperienza, con relazioni e meccanismi di controllo della qualit\u00e0, in modo da potervi assicurare servizi organizzativi di pi\u00f9 alto livello.[\/vc_column_text][\/vc_column][\/vc_row][vc_section css=&#8221;.vc_custom_1574263730385{padding-bottom: 5px !important;}&#8221;][vc_row][vc_column][vc_empty_space height=&#8221;30px&#8221;]<div id=\"ultimate-heading-492669e75ddbc796b\" class=\"uvc-heading ult-adjust-bottom-margin ultimate-heading-492669e75ddbc796b uvc-1473 \" data-hspacer=\"no_spacer\"  data-halign=\"left\" style=\"text-align:left\"><div class=\"uvc-heading-spacer no_spacer\" style=\"top\"><\/div><div class=\"uvc-main-heading ult-responsive\"  data-ultimate-target='.uvc-heading.ultimate-heading-492669e75ddbc796b h2'  data-responsive-json-new='{\"font-size\":\"desktop:23px;\",\"line-height\":\"desktop:30px;\"}' ><h2 style=\"font-weight:bold;color:#9d1b36;margin-bottom:20px;\">La SERVIZI &amp; SISTEMI pu\u00f2 esservi utile nell\u2019espletamento delle seguenti attivit\u00e0 di ordine amministrativo:<\/h2><\/div><\/div><div class=\"smile_icon_list_wrap ult_info_list_container ult-adjust-bottom-margin  \"><ul class=\"smile_icon_list left hexagon\"><li class=\"icon_list_item\" style=\" font-size:36px;\"><div class=\"icon_list_icon\" data-animation=\"\" data-animation-delay=\"03\" style=\"font-size:12px;background:#9d1b36;color:#ffffff;border-color:#9d1b36;\"><i class=\"icomoon-icomoonfree-16x16-user-tie\" ><\/i><\/div><div class=\"icon_description\" id=\"Info-list-wrap-6532\" style=\"font-size:12px;\"><h3 class=\"ult-responsive info-list-heading\"  data-ultimate-target='#Info-list-wrap-6532 h3'  data-responsive-json-new='{\"font-size\":\"desktop:20px;\",\"line-height\":\"desktop:30px;\"}'  style=\"\">Organizzazione delle visite e degli incontri di affari.<\/h3><div class=\"icon_description_text ult-responsive\"  data-ultimate-target='#Info-list-wrap-6532 .icon_description_text'  data-responsive-json-new='{\"font-size\":\"desktop:13px;\",\"line-height\":\"desktop:18px;\"}'  style=\"\"><\/div><\/div><div class=\"icon_list_connector\"  style=\"border-right-width: 1px;border-right-style: dashed;border-color: #9d1b36;\"><\/div><\/li><li class=\"icon_list_item\" style=\" font-size:36px;\"><div class=\"icon_list_icon\" data-animation=\"\" data-animation-delay=\"03\" style=\"font-size:12px;background:#9d1b36;color:#ffffff;border-color:#9d1b36;\"><i class=\"icomoon-icomoonfree-16x16-user-tie\" ><\/i><\/div><div class=\"icon_description\" id=\"Info-list-wrap-1170\" style=\"font-size:12px;\"><h3 class=\"ult-responsive info-list-heading\"  data-ultimate-target='#Info-list-wrap-1170 h3'  data-responsive-json-new='{\"font-size\":\"desktop:20px;\",\"line-height\":\"desktop:30px;\"}'  style=\"\">Assistenza organizzativa, logistica locale delle missioni imprenditoriali.<\/h3><div class=\"icon_description_text ult-responsive\"  data-ultimate-target='#Info-list-wrap-1170 .icon_description_text'  data-responsive-json-new='{\"font-size\":\"desktop:13px;\",\"line-height\":\"desktop:18px;\"}'  style=\"\"><\/div><\/div><div class=\"icon_list_connector\"  style=\"border-right-width: 1px;border-right-style: dashed;border-color: #9d1b36;\"><\/div><\/li><li class=\"icon_list_item\" style=\" font-size:36px;\"><div class=\"icon_list_icon\" data-animation=\"\" data-animation-delay=\"03\" style=\"font-size:12px;background:#9d1b36;color:#ffffff;border-color:#9d1b36;\"><i class=\"icomoon-icomoonfree-16x16-user-tie\" ><\/i><\/div><div class=\"icon_description\" id=\"Info-list-wrap-2116\" style=\"font-size:12px;\"><h3 class=\"ult-responsive info-list-heading\"  data-ultimate-target='#Info-list-wrap-2116 h3'  data-responsive-json-new='{\"font-size\":\"desktop:20px;\",\"line-height\":\"desktop:30px;\"}'  style=\"\">Identificazione di possibili partner commerciali nella Repubblica di Moldova e in Italia.<\/h3><div class=\"icon_description_text ult-responsive\"  data-ultimate-target='#Info-list-wrap-2116 .icon_description_text'  data-responsive-json-new='{\"font-size\":\"desktop:13px;\",\"line-height\":\"desktop:18px;\"}'  style=\"\"><\/div><\/div><div class=\"icon_list_connector\"  style=\"border-right-width: 1px;border-right-style: dashed;border-color: #9d1b36;\"><\/div><\/li><li class=\"icon_list_item\" style=\" font-size:36px;\"><div class=\"icon_list_icon\" data-animation=\"\" data-animation-delay=\"03\" style=\"font-size:12px;background:#9d1b36;color:#ffffff;border-color:#9d1b36;\"><i class=\"icomoon-icomoonfree-16x16-user-tie\" ><\/i><\/div><div class=\"icon_description\" id=\"Info-list-wrap-3673\" style=\"font-size:12px;\"><h3 class=\"ult-responsive info-list-heading\"  data-ultimate-target='#Info-list-wrap-3673 h3'  data-responsive-json-new='{\"font-size\":\"desktop:20px;\",\"line-height\":\"desktop:30px;\"}'  style=\"\">Segreteria, traduzione e interpretariato.<\/h3><div class=\"icon_description_text ult-responsive\"  data-ultimate-target='#Info-list-wrap-3673 .icon_description_text'  data-responsive-json-new='{\"font-size\":\"desktop:13px;\",\"line-height\":\"desktop:18px;\"}'  style=\"\"><\/div><\/div><div class=\"icon_list_connector\"  style=\"border-right-width: 1px;border-right-style: dashed;border-color: #9d1b36;\"><\/div><\/li><\/ul><\/div>[\/vc_column][\/vc_row][vc_row css=&#8221;.vc_custom_1581420008171{padding-top: 20px !important;}&#8221;][vc_column]<style type=\"text\/css\" data-type=\"the7_shortcodes-inline-css\">.gallery-carousel-shortcode.gallery-carousel-shortcode-id-8b77cc78c3121126f53692232bfbfae1 .owl-nav a {\n  width: 36px;\n  height: 36px;\n  border-radius: 500px;\n}\n.dt-arrow-border-on.gallery-carousel-shortcode.gallery-carousel-shortcode-id-8b77cc78c3121126f53692232bfbfae1 .owl-nav a:not(:hover):before {\n  border-width: 0px;\n}\n.dt-arrow-hover-border-on.gallery-carousel-shortcode.gallery-carousel-shortcode-id-8b77cc78c3121126f53692232bfbfae1 .owl-nav a:hover:after {\n  border-width: 0px;\n}\n.gallery-carousel-shortcode.gallery-carousel-shortcode-id-8b77cc78c3121126f53692232bfbfae1 .owl-nav a.owl-prev {\n  top: 50%;\n  transform: translateY(calc(-50% + 0px));\n  left: -43px;\n}\n@media all and (-ms-high-contrast: none) {\n  .gallery-carousel-shortcode.gallery-carousel-shortcode-id-8b77cc78c3121126f53692232bfbfae1 .owl-nav a.owl-prev {\n    transform: translateY(-50%);\n    margin-top: 0px;\n  }\n}\n.gallery-carousel-shortcode.gallery-carousel-shortcode-id-8b77cc78c3121126f53692232bfbfae1 .owl-nav a.owl-prev i {\n  padding: 0px 0px 0px 0px;\n}\n.gallery-carousel-shortcode.gallery-carousel-shortcode-id-8b77cc78c3121126f53692232bfbfae1 .owl-nav a.owl-next {\n  top: 50%;\n  transform: translateY(calc(-50% + 0px));\n  right: -43px;\n}\n@media all and (-ms-high-contrast: none) {\n  .gallery-carousel-shortcode.gallery-carousel-shortcode-id-8b77cc78c3121126f53692232bfbfae1 .owl-nav a.owl-next {\n    transform: translateY(-50%);\n    margin-top: 0px;\n  }\n}\n.gallery-carousel-shortcode.gallery-carousel-shortcode-id-8b77cc78c3121126f53692232bfbfae1 .owl-nav a.owl-next i {\n  padding: 0px 0px 0px 0px;\n}\n.gallery-carousel-shortcode.gallery-carousel-shortcode-id-8b77cc78c3121126f53692232bfbfae1 .owl-nav i {\n  font-size: 18px;\n}\n.gallery-carousel-shortcode.gallery-carousel-shortcode-id-8b77cc78c3121126f53692232bfbfae1 .owl-nav a:not(:hover) i,\n.gallery-carousel-shortcode.gallery-carousel-shortcode-id-8b77cc78c3121126f53692232bfbfae1 .owl-nav a:not(:hover) i:before {\n  color: #ffffff;\n  background: none;\n}\n.gallery-carousel-shortcode.gallery-carousel-shortcode-id-8b77cc78c3121126f53692232bfbfae1 .owl-nav a:hover i,\n.gallery-carousel-shortcode.gallery-carousel-shortcode-id-8b77cc78c3121126f53692232bfbfae1 .owl-nav a:hover i:before {\n  color: rgba(255,255,255,0.75);\n  background: none;\n}\n.gallery-carousel-shortcode.gallery-carousel-shortcode-id-8b77cc78c3121126f53692232bfbfae1 .owl-dots {\n  top: calc(100% + 20px);\n  left: 50%;\n  transform: translateX(calc(-50% + 0px));\n}\n@media all and (-ms-high-contrast: none) {\n  .gallery-carousel-shortcode.gallery-carousel-shortcode-id-8b77cc78c3121126f53692232bfbfae1 .owl-dots {\n    transform: translateX(-50%);\n    margin-left: 0px;\n  }\n}\n.gallery-carousel-shortcode.gallery-carousel-shortcode-id-8b77cc78c3121126f53692232bfbfae1 .owl-dot {\n  width: 10px;\n  height: 10px;\n  margin: 0 8px;\n}\n@media screen and (max-width: 778px) {\n  .gallery-carousel-shortcode.gallery-carousel-shortcode-id-8b77cc78c3121126f53692232bfbfae1.hide-arrows .owl-nav a {\n    display: none;\n  }\n}\n@media screen and (max-width: 778px) {\n  .gallery-carousel-shortcode.gallery-carousel-shortcode-id-8b77cc78c3121126f53692232bfbfae1.reposition-arrows .owl-nav .owl-prev {\n    top: 50%;\n    transform: translateY(calc(-50% + 0px));\n    left: 10px;\n  }\n  .gallery-carousel-shortcode.gallery-carousel-shortcode-id-8b77cc78c3121126f53692232bfbfae1.reposition-arrows .owl-nav .owl-next {\n    top: 50%;\n    transform: translateY(calc(-50% + 0px));\n    right: 10px;\n  }\n}\n@media screen and (max-width: 778px) and all and (-ms-high-contrast: none) {\n  .gallery-carousel-shortcode.gallery-carousel-shortcode-id-8b77cc78c3121126f53692232bfbfae1.reposition-arrows .owl-nav .owl-prev {\n    transform: translateY(-50%);\n    margin-top: 0px;\n  }\n}\n@media screen and (max-width: 778px) and all and (-ms-high-contrast: none) {\n  .gallery-carousel-shortcode.gallery-carousel-shortcode-id-8b77cc78c3121126f53692232bfbfae1.reposition-arrows .owl-nav .owl-next {\n    transform: translateY(-50%);\n    margin-top: 0px;\n  }\n}\n.gallery-carousel-shortcode.gallery-carousel-shortcode-id-8b77cc78c3121126f53692232bfbfae1 figure,\n.gallery-carousel-shortcode.gallery-carousel-shortcode-id-8b77cc78c3121126f53692232bfbfae1 .rollover,\n.gallery-carousel-shortcode.gallery-carousel-shortcode-id-8b77cc78c3121126f53692232bfbfae1 img,\n.gallery-carousel-shortcode.gallery-carousel-shortcode-id-8b77cc78c3121126f53692232bfbfae1 .gallery-rollover {\n  border-radius: 0px;\n}\n.gallery-carousel-shortcode.gallery-carousel-shortcode-id-8b77cc78c3121126f53692232bfbfae1.enable-bg-rollover .gallery-rollover {\n  background: -webkit-linear-gradient();\n  background: linear-gradient();\n}\n.gallery-carousel-shortcode.gallery-carousel-shortcode-id-8b77cc78c3121126f53692232bfbfae1.enable-img-shadow .owl-stage-outer {\n  padding: 14px 0;\n}\n.gallery-carousel-shortcode.gallery-carousel-shortcode-id-8b77cc78c3121126f53692232bfbfae1.enable-bg-rollover.hover-scale figure .rollover:after {\n  background: -webkit-linear-gradient();\n  background: linear-gradient();\n}\n.gallery-carousel-shortcode.gallery-carousel-shortcode-id-8b77cc78c3121126f53692232bfbfae1.gallery-shortcode .gallery-zoom-ico {\n  width: 44px;\n  height: 44px;\n  line-height: 44px;\n  border-radius: 100px;\n  margin: -22px 0 0 -22px;\n  border-width: 0px;\n}\n.dt-icon-bg-on.gallery-carousel-shortcode.gallery-carousel-shortcode-id-8b77cc78c3121126f53692232bfbfae1.gallery-shortcode .gallery-zoom-ico {\n  background: rgba(255,255,255,0.3);\n  box-shadow: none;\n}\n.gallery-carousel-shortcode.gallery-carousel-shortcode-id-8b77cc78c3121126f53692232bfbfae1.gallery-shortcode .gallery-zoom-ico:before,\n.gallery-carousel-shortcode.gallery-carousel-shortcode-id-8b77cc78c3121126f53692232bfbfae1.gallery-shortcode .gallery-zoom-ico span {\n  font-size: 32px;\n  line-height: 44px;\n  color: #ffffff;\n  background: none;\n}\n<\/style><div class=\"owl-carousel gallery-carousel-shortcode gallery-shortcode  dt-gallery-container dt-owl-carousel-call gallery-carousel-shortcode-id-8b77cc78c3121126f53692232bfbfae1 quick-scale-img enable-bg-rollover meta-info-off dt-arrow-border-on dt-arrow-hover-border-on bullets-small-dot-stroke reposition-arrows dt-icon-bg-off arrows-bg-on disable-arrows-hover-bg arrows-hover-bg-on  hover-fade \" data-scroll-mode=\"1\" data-col-num=\"2\" data-wide-col-num=\"2\" data-laptop-col=\"2\" data-h-tablet-columns-num=\"2\" data-v-tablet-columns-num=\"2\" data-phone-columns-num=\"1\" data-col-gap=\"10\" data-stage-padding=\"0\" data-speed=\"600\" data-autoplay=\"true\" data-autoplay_speed=\"2500\" data-arrows=\"false\" data-bullet=\"false\" data-next-icon=\"icon-ar-017-r\" data-prev-icon=\"icon-ar-017-l\" data-img-shadow-size=\"12px\" data-img-shadow-spread=\"3px\"><div data-post-id=\"2767\" data-date=\"2020-02-11T11:17:10+02:00\" data-name=\"Administrative-for-Pages--Gallery-1\"><figure class=\"post\"><a href=\"https:\/\/moldovaconsult.md\/wp-content\/uploads\/2020\/02\/Administrative-for-Pages-Gallery-1.jpg\" class=\"rollover dt-pswp-item layzr-bg\" data-large_image_width=\"1000\" data-large_image_height=\"500\" data-dt-img-description=\"\" title=\"Administrative-for-Pages&#8211;Gallery-1\"><img class=\"preload-me owl-lazy-load\" src=\"data:image\/svg+xml,%3Csvg%20xmlns%3D&#39;http%3A%2F%2Fwww.w3.org%2F2000%2Fsvg&#39;%20viewBox%3D&#39;0%200%201000%20500&#39;%2F%3E\" data-src=\"https:\/\/moldovaconsult.md\/wp-content\/uploads\/2020\/02\/Administrative-for-Pages-Gallery-1.jpg\" data-srcset=\"https:\/\/moldovaconsult.md\/wp-content\/uploads\/2020\/02\/Administrative-for-Pages-Gallery-1.jpg 1000w\" alt=\"\" width=\"1000\" height=\"500\"  \/><span class=\"gallery-rollover\"><span class=\"gallery-zoom-ico icomoon-the7-font-the7-zoom-06\"><span><\/span><\/span><\/span><\/a><\/figure><\/div><div data-post-id=\"2769\" data-date=\"2020-02-11T11:17:11+02:00\" data-name=\"Administrative-for-Pages--Gallery-2\"><figure class=\"post\"><a href=\"https:\/\/moldovaconsult.md\/wp-content\/uploads\/2020\/02\/Administrative-for-Pages-Gallery-2.jpg\" class=\"rollover dt-pswp-item layzr-bg\" data-large_image_width=\"1000\" data-large_image_height=\"500\" data-dt-img-description=\"\" title=\"Administrative-for-Pages&#8211;Gallery-2\"><img class=\"preload-me owl-lazy-load\" src=\"data:image\/svg+xml,%3Csvg%20xmlns%3D&#39;http%3A%2F%2Fwww.w3.org%2F2000%2Fsvg&#39;%20viewBox%3D&#39;0%200%201000%20500&#39;%2F%3E\" data-src=\"https:\/\/moldovaconsult.md\/wp-content\/uploads\/2020\/02\/Administrative-for-Pages-Gallery-2.jpg\" data-srcset=\"https:\/\/moldovaconsult.md\/wp-content\/uploads\/2020\/02\/Administrative-for-Pages-Gallery-2.jpg 1000w\" alt=\"\" width=\"1000\" height=\"500\"  \/><span class=\"gallery-rollover\"><span class=\"gallery-zoom-ico icomoon-the7-font-the7-zoom-06\"><span><\/span><\/span><\/span><\/a><\/figure><\/div><div data-post-id=\"2771\" data-date=\"2020-02-11T11:17:12+02:00\" data-name=\"Administrative-for-Pages--Gallery-3\"><figure class=\"post\"><a href=\"https:\/\/moldovaconsult.md\/wp-content\/uploads\/2020\/02\/Administrative-for-Pages-Gallery-3.jpg\" class=\"rollover dt-pswp-item layzr-bg\" data-large_image_width=\"1000\" data-large_image_height=\"500\" data-dt-img-description=\"\" title=\"Administrative-for-Pages&#8211;Gallery-3\"><img class=\"preload-me owl-lazy-load\" src=\"data:image\/svg+xml,%3Csvg%20xmlns%3D&#39;http%3A%2F%2Fwww.w3.org%2F2000%2Fsvg&#39;%20viewBox%3D&#39;0%200%201000%20500&#39;%2F%3E\" data-src=\"https:\/\/moldovaconsult.md\/wp-content\/uploads\/2020\/02\/Administrative-for-Pages-Gallery-3.jpg\" data-srcset=\"https:\/\/moldovaconsult.md\/wp-content\/uploads\/2020\/02\/Administrative-for-Pages-Gallery-3.jpg 1000w\" alt=\"\" width=\"1000\" height=\"500\"  \/><span class=\"gallery-rollover\"><span class=\"gallery-zoom-ico icomoon-the7-font-the7-zoom-06\"><span><\/span><\/span><\/span><\/a><\/figure><\/div><div data-post-id=\"2773\" data-date=\"2020-02-11T11:17:14+02:00\" data-name=\"Administrative-for-Pages--Gallery-4\"><figure class=\"post\"><a href=\"https:\/\/moldovaconsult.md\/wp-content\/uploads\/2020\/02\/Administrative-for-Pages-Gallery-4.jpg\" class=\"rollover dt-pswp-item layzr-bg\" data-large_image_width=\"1000\" data-large_image_height=\"500\" data-dt-img-description=\"\" title=\"Administrative-for-Pages&#8211;Gallery-4\"><img class=\"preload-me owl-lazy-load\" src=\"data:image\/svg+xml,%3Csvg%20xmlns%3D&#39;http%3A%2F%2Fwww.w3.org%2F2000%2Fsvg&#39;%20viewBox%3D&#39;0%200%201000%20500&#39;%2F%3E\" data-src=\"https:\/\/moldovaconsult.md\/wp-content\/uploads\/2020\/02\/Administrative-for-Pages-Gallery-4.jpg\" data-srcset=\"https:\/\/moldovaconsult.md\/wp-content\/uploads\/2020\/02\/Administrative-for-Pages-Gallery-4.jpg 1000w\" alt=\"\" width=\"1000\" height=\"500\"  \/><span class=\"gallery-rollover\"><span class=\"gallery-zoom-ico icomoon-the7-font-the7-zoom-06\"><span><\/span><\/span><\/span><\/a><\/figure><\/div><div data-post-id=\"2775\" data-date=\"2020-02-11T11:17:16+02:00\" data-name=\"Administrative-for-Pages--Gallery-5\"><figure class=\"post\"><a href=\"https:\/\/moldovaconsult.md\/wp-content\/uploads\/2020\/02\/Administrative-for-Pages-Gallery-5.jpg\" class=\"rollover dt-pswp-item layzr-bg\" data-large_image_width=\"1000\" data-large_image_height=\"500\" data-dt-img-description=\"\" title=\"Administrative-for-Pages&#8211;Gallery-5\"><img class=\"preload-me owl-lazy-load\" src=\"data:image\/svg+xml,%3Csvg%20xmlns%3D&#39;http%3A%2F%2Fwww.w3.org%2F2000%2Fsvg&#39;%20viewBox%3D&#39;0%200%201000%20500&#39;%2F%3E\" data-src=\"https:\/\/moldovaconsult.md\/wp-content\/uploads\/2020\/02\/Administrative-for-Pages-Gallery-5.jpg\" data-srcset=\"https:\/\/moldovaconsult.md\/wp-content\/uploads\/2020\/02\/Administrative-for-Pages-Gallery-5.jpg 1000w\" alt=\"\" width=\"1000\" height=\"500\"  \/><span class=\"gallery-rollover\"><span class=\"gallery-zoom-ico icomoon-the7-font-the7-zoom-06\"><span><\/span><\/span><\/span><\/a><\/figure><\/div><\/div>[vc_separator color=&#8221;black&#8221; css=&#8221;.vc_custom_1581419982491{padding-top: 20px !important;}&#8221;][\/vc_column][\/vc_row][\/vc_section][vc_row full_width=&#8221;stretch_row&#8221; content_placement=&#8221;middle&#8221; parallax=&#8221;content-moving&#8221; css_animation=&#8221;slideInUp&#8221; css=&#8221;.vc_custom_1581416181296{padding-top: 40px !important;padding-bottom: 10px !important;}&#8221;][vc_column]<div id=\"ultimate-heading-248069e75ddbcb118\" class=\"uvc-heading ult-adjust-bottom-margin ultimate-heading-248069e75ddbcb118 uvc-58 accent-title-color\" data-hspacer=\"no_spacer\"  data-halign=\"center\" style=\"text-align:center\"><div class=\"uvc-heading-spacer no_spacer\" style=\"top\"><\/div><div class=\"uvc-main-heading ult-responsive\"  data-ultimate-target='.uvc-heading.ultimate-heading-248069e75ddbcb118 h2'  data-responsive-json-new='{\"font-size\":\"desktop:40px;tablet_portrait:20px;\",\"line-height\":\"desktop:46px;tablet_portrait:26px;\"}' ><h2 style=\"font-weight:bold;margin-bottom:10px;\">CONTATTA IL NOSTRO UFFICIO<\/h2><\/div><div class=\"uvc-sub-heading ult-responsive\"  data-ultimate-target='.uvc-heading.ultimate-heading-248069e75ddbcb118 .uvc-sub-heading '  data-responsive-json-new='{\"font-size\":\"desktop:64px;tablet_portrait:40px;\",\"line-height\":\"desktop:76px;tablet_portrait:46px;\"}'  style=\"font-weight:bold;color:#000000;\"><\/p>\n<p style=\"text-align: center;\">CHIAMA O COMPILA IL MODULO<\/p>\n<p><\/div><\/div><style type=\"text\/css\" data-type=\"the7_shortcodes-inline-css\">#default-btn-cddb3d26e6fbf24b3ec99c71daaa1afc.ico-right-side > i {\n  margin-right: 0px;\n  margin-left: 8px;\n}\n#default-btn-cddb3d26e6fbf24b3ec99c71daaa1afc > i {\n  margin-right: 8px;\n}\n<\/style><div class=\"btn-align-center\"><a href=\"https:\/\/moldovaconsult.md\/it\/contatti\/\" class=\"default-btn-shortcode dt-btn dt-btn-l link-hover-off  vc_custom_1581416593262\" id=\"default-btn-cddb3d26e6fbf24b3ec99c71daaa1afc\" style=\"width:400px;\" title=\"Contatti\"><span>RICHIEDI UNA CONSULENZA<\/span><\/a><\/div>[vc_separator color=&#8221;black&#8221; css=&#8221;.vc_custom_1581416802233{padding-top: 40px !important;}&#8221;][\/vc_column][\/vc_row]<\/p>\n","protected":false},"excerpt":{"rendered":"<p>[vc_row type=&#8221;vc_default&#8221;][vc_column css=&#8221;.vc_custom_1574261960640{padding-bottom: 20px !important;}&#8221;][vc_single_image image=&#8221;1950&#8243; img_size=&#8221;full&#8221;][vc_empty_space height=&#8221;40px&#8221;][vc_column_text]Tutti i tipi di attivit\u00e0 richiedono pianificazione e organizzazione. Una gestione efficace dei processi e delle attivit\u00e0 richiedono tempo, competenza e responsabilit\u00e0. La SERVIZI &amp; SISTEMI \u00e8 capace di assumere la parte organizzativa dei progetti messi nella Vostra agenda. Operando nel campo dei servizi contabili, legali e amministrative&hellip;<\/p>\n","protected":false},"author":2,"featured_media":0,"parent":0,"menu_order":0,"comment_status":"closed","ping_status":"closed","template":"","meta":[],"_links":{"self":[{"href":"https:\/\/moldovaconsult.md\/it\/wp-json\/wp\/v2\/pages\/2158"}],"collection":[{"href":"https:\/\/moldovaconsult.md\/it\/wp-json\/wp\/v2\/pages"}],"about":[{"href":"https:\/\/moldovaconsult.md\/it\/wp-json\/wp\/v2\/types\/page"}],"author":[{"embeddable":true,"href":"https:\/\/moldovaconsult.md\/it\/wp-json\/wp\/v2\/users\/2"}],"replies":[{"embeddable":true,"href":"https:\/\/moldovaconsult.md\/it\/wp-json\/wp\/v2\/comments?post=2158"}],"version-history":[{"count":13,"href":"https:\/\/moldovaconsult.md\/it\/wp-json\/wp\/v2\/pages\/2158\/revisions"}],"predecessor-version":[{"id":2777,"href":"https:\/\/moldovaconsult.md\/it\/wp-json\/wp\/v2\/pages\/2158\/revisions\/2777"}],"wp:attachment":[{"href":"https:\/\/moldovaconsult.md\/it\/wp-json\/wp\/v2\/media?parent=2158"}],"curies":[{"name":"wp","href":"https:\/\/api.w.org\/{rel}","templated":true}]}}